{"id":153,"date":"2022-08-21T16:35:17","date_gmt":"2022-08-21T16:35:17","guid":{"rendered":"https:\/\/www.ricitosdeorogrisi.com\/blog\/?page_id=153"},"modified":"2022-08-21T16:35:43","modified_gmt":"2022-08-21T16:35:43","slug":"uso-de-cookies-para-el-sitio-web","status":"publish","type":"page","link":"https:\/\/www.ricitosdeorogrisi.com\/blog\/uso-de-cookies-para-el-sitio-web\/","title":{"rendered":"Uso de Cookies para el Sitio Web"},"content":{"rendered":"\n<p><strong>GRISI HNOS., S.A. DE C.V.<\/strong> (en adelante <strong>\u201cGRISI\u201d<\/strong>) con domicilio ubicado en Amores 1746, Colonia Del Valle, Alcald\u00eda Benito Ju\u00e1rez, Ciudad de M\u00e9xico, C.P. 03100, hace de su conocimiento la importancia de leer con atenci\u00f3n y antes de comenzar a usar este sitio web (el <strong>\u201cSitio\u201d<\/strong> o <strong>\u201cSitio Web\u201d<\/strong>), los t\u00e9rminos y condiciones de uso del Sitio que se indican a continuaci\u00f3n (colectivamente denominados, los <strong>\u201cT\u00e9rminos\u201d<\/strong>).&nbsp; Usted (el <strong>\u201cUsuario\u201d<\/strong>) tendr\u00e1 acceso y podr\u00e1 hacer uso del Sitio Web bajo la condici\u00f3n de que acepte estos T\u00e9rminos y el Aviso de Privacidad de GRISI sin modificaciones, por lo que al abrir o usar este Sitio, usted manifiesta su aceptaci\u00f3n. &nbsp;Si no acepta estos T\u00e9rminos o el Aviso de Privacidad, por favor, abst\u00e9ngase de usar este Sitio.<\/p>\n\n\n\n<p><strong><u>PRIVACIDAD Y CONSENTIMIENTO PARA USO DE DATOS<\/u><\/strong><\/p>\n\n\n\n<p>Cabe mencionar que GRISI como propietaria del contenido de este Sitio Web, podr\u00e1 recabar cierta informaci\u00f3n propiedad de cada Usuario; asimismo, le hacemos saber que los datos de los usuarios de este Sitio Web ser\u00e1n guardados para diversas finalidades, incluyendo sin limitar, mercadol\u00f3gicos, de publicidad y prospecci\u00f3n comercial, contacto, estad\u00edsticos, entre otros, con el objeto de que GRISI pueda tener informaci\u00f3n de todos los usuarios que accedan al contenido del mismo.&nbsp;La informaci\u00f3n que se obtenga a trav\u00e9s de la utilizaci\u00f3n por su parte de este Sitio Web, ya sea a trav\u00e9s del proceso de registro o de cualquier otra manera, estar\u00e1 sujeta a nuestra Pol\u00edtica de Privacidad, para lo cual puede consultar el Aviso de Privacidad de GRISI en <a href=\"https:\/\/www.grisi.com\/politicas-de-privacidad\">https:\/\/www.grisi.com\/politicas-de-privacidad<\/a>. &nbsp;Nuestra Pol\u00edtica de Privacidad prev\u00e9 el tratamiento y uso de los datos que usted nos proporcione, incluyendo sus derechos en relaci\u00f3n con esa informaci\u00f3n.<\/p>\n\n\n\n<p>Al momento en que visita el Sitio Web usted autoriza que se utilicen cookies para recabar informaci\u00f3n como lo es su direcci\u00f3n IP, las p\u00e1ginas web que consulta, idioma del navegador, gustos o intereses, datos sobre el dispositivo a trav\u00e9s del cual accede al Sitio Web, intereses en funci\u00f3n de la ubicaci\u00f3n, entre otros.&nbsp; Podremos usar esta informaci\u00f3n, junto con los datos que nos proporciona durante el proceso de registro en el Sitio o de cualquier otra forma para enviarle informaci\u00f3n que pueda ser de su inter\u00e9s, de conformidad con nuestro Aviso de Privacidad.<\/p>\n\n\n\n<p>Al aceptar las cookies de este Sitio Web, usted est\u00e1 consciente de que el contenido del mismo ya sea im\u00e1genes, texto, audio y\/o video, entre otros, podr\u00eda no ser preciso y\/o confiable, por lo cual, GRISI se deslinda de toda responsabilidad relacionada con las consecuencias que pueda generar su visita al Sitio Web, en relaci\u00f3n a da\u00f1os que pueda sufrir su(s) equipo(s) inform\u00e1tico(s), el uso que le pueda dar a la informaci\u00f3n y\/o enlaces que puedan llevarlo a sitios web de terceros.\u00a0 En el momento que usted como Usuario aprueba las cookies requeridas para el uso del Sitio Web, nos otorga el derecho de recabar todos los datos mencionados en los presentes T\u00e9rminos.<\/p>\n\n\n\n<div style=\"height:250px\" aria-hidden=\"true\" class=\"wp-block-spacer\"><\/div>\n","protected":false},"excerpt":{"rendered":"<p>GRISI HNOS., S.A. DE C.V. (en adelante \u201cGRISI\u201d) con domicilio ubicado en Amores 1746, Colonia Del Valle, Alcald\u00eda Benito Ju\u00e1rez, Ciudad de M\u00e9xico, C.P. 03100, hace de su conocimiento la importancia de leer con atenci\u00f3n y antes de comenzar a usar este sitio web (el \u201cSitio\u201d o \u201cSitio Web\u201d), los t\u00e9rminos y condiciones de uso [&hellip;]<\/p>\n","protected":false},"author":1,"featured_media":0,"parent":0,"menu_order":0,"comment_status":"closed","ping_status":"closed","template":"","meta":{"_acf_changed":false,"om_disable_all_campaigns":false,"_monsterinsights_skip_tracking":false,"_monsterinsights_sitenote_active":false,"_monsterinsights_sitenote_note":"","_monsterinsights_sitenote_category":0,"footnotes":""},"class_list":["post-153","page","type-page","status-publish","hentry"],"acf":[],"aioseo_notices":[],"_links":{"self":[{"href":"https:\/\/www.ricitosdeorogrisi.com\/blog\/wp-json\/wp\/v2\/pages\/153","targetHints":{"allow":["GET"]}}],"collection":[{"href":"https:\/\/www.ricitosdeorogrisi.com\/blog\/wp-json\/wp\/v2\/pages"}],"about":[{"href":"https:\/\/www.ricitosdeorogrisi.com\/blog\/wp-json\/wp\/v2\/types\/page"}],"author":[{"embeddable":true,"href":"https:\/\/www.ricitosdeorogrisi.com\/blog\/wp-json\/wp\/v2\/users\/1"}],"replies":[{"embeddable":true,"href":"https:\/\/www.ricitosdeorogrisi.com\/blog\/wp-json\/wp\/v2\/comments?post=153"}],"version-history":[{"count":2,"href":"https:\/\/www.ricitosdeorogrisi.com\/blog\/wp-json\/wp\/v2\/pages\/153\/revisions"}],"predecessor-version":[{"id":155,"href":"https:\/\/www.ricitosdeorogrisi.com\/blog\/wp-json\/wp\/v2\/pages\/153\/revisions\/155"}],"wp:attachment":[{"href":"https:\/\/www.ricitosdeorogrisi.com\/blog\/wp-json\/wp\/v2\/media?parent=153"}],"curies":[{"name":"wp","href":"https:\/\/api.w.org\/{rel}","templated":true}]}}