{"id":148,"date":"2022-08-21T16:29:19","date_gmt":"2022-08-21T16:29:19","guid":{"rendered":"https:\/\/www.ricitosdeorogrisi.com\/blog\/?page_id=148"},"modified":"2022-08-21T16:33:01","modified_gmt":"2022-08-21T16:33:01","slug":"terminos-de-uso-para-el-sitio-web","status":"publish","type":"page","link":"https:\/\/www.ricitosdeorogrisi.com\/blog\/terminos-de-uso-para-el-sitio-web\/","title":{"rendered":"T\u00e9rminos de Uso para el Sitio Web"},"content":{"rendered":"\n<p><strong>GRISI HNOS., S.A. DE C.V.<\/strong> (en adelante <strong>\u201cGRISI\u201d<\/strong>) con domicilio ubicado en Amores 1746, Colonia Del Valle, Alcald\u00eda Benito Ju\u00e1rez, Ciudad de M\u00e9xico, C.P. 03100, hace de su conocimiento la importancia de leer con atenci\u00f3n y antes de comenzar a usar este sitio web (el <strong>\u201cSitio\u201d<\/strong> o <strong>\u201cSitio Web\u201d<\/strong>), los t\u00e9rminos y condiciones de uso del Sitio que se indican a continuaci\u00f3n (colectivamente denominados, los <strong>\u201cT\u00e9rminos\u201d<\/strong>).&nbsp; Usted (el <strong>\u201cUsuario\u201d<\/strong>) tendr\u00e1 acceso y podr\u00e1 hacer uso del Sitio Web bajo la condici\u00f3n de que acepte estos T\u00e9rminos y el Aviso de Privacidad de GRISI sin modificaciones, por lo que al abrir o usar este Sitio, usted manifiesta su aceptaci\u00f3n. &nbsp;Si no acepta estos T\u00e9rminos o el Aviso de Privacidad, por favor, abst\u00e9ngase de usar este Sitio.<\/p>\n\n\n\n<p><strong><u>PROPIEDAD Y USO DEL SITIO WEB<\/u><\/strong><\/p>\n\n\n\n<p>Usted acepta que este Sitio Web es propiedad de GRISI, incluyendo todos los derechos de propiedad intelectual e industrial que se deriven de o se incluyan en el mismo, por mencionar de forma enunciativa mas no limitativa, im\u00e1genes, im\u00e1genes con movimiento, video, sonidos, audio, textos, posteos, mensajes, entre otros (el <strong>\u201cContenido\u201d<\/strong>), sin que usted tenga derecho a utilizarlos.&nbsp; Por lo anterior, usted reconoce y acepta que en ning\u00fan momento podr\u00e1 copiar, reproducir, alterar, distribuir, modificar, licenciar, transferir, vender, publicar, vender, ni crear trabajos derivados del Contenido o las comunicaciones que se muestran o presentan en este Sitio Web, ya sea de forma parcial o total, a menos que los presentes T\u00e9rminos lo permitan expresamente.&nbsp; Asimismo, reconoce que cualquier uso no autorizado del Contenido podr\u00eda provocar a GRISI un da\u00f1o irreparable y se hace de su conocimiento que, en caso de producirse tal uso no autorizado, GRISI har\u00e1 valer las acciones legales que procedan.<\/p>\n\n\n\n<p>El Sitio Web est\u00e1 destinado solo para su uso personal y no comercial. &nbsp;Usted podr\u00e1 hacer uso de este Sitio Web con prop\u00f3sitos l\u00edcitos y de acuerdo con los presentes T\u00e9rminos, por lo anterior, usted se compromete a (i) no utilizar este Sitio Web de ninguna forma que pudiera da\u00f1ar, deshabilitar, sobrecargar o perjudicar el Sitio; (ii) no utilizar cualquier proceso manual para controlar o copiar cualquier material de este Sitio Web, ni para cualquier otro prop\u00f3sito no autorizado en estos T\u00e9rminos, sin el consentimiento previo y por escrito de GRISI, o (iii) a interferir con el correcto funcionamiento o cualquier otro uso del Sitio.<\/p>\n\n\n\n<p>GRISI realizar\u00e1 sus mejores esfuerzos para en todo momento mantener el Sitio Web accesible; sin embargo, nos podemos ver obligados a interrumpir, suspender o restringir, de forma temporal o permanente y sin previo aviso, el Sitio Web o cualquiera de sus secciones.&nbsp; No nos haremos responsables de cualquier perjuicio o p\u00e9rdida que, en su caso, pudieran ocasionarle tales acciones.&nbsp; Asimismo, nos reservamos el derecho de concluir, sin previo aviso y sin responsabilidad, su uso de o acceso al Sitio Web si encontramos motivo suficiente a criterio de GRISI para determinar que como Usuario ha incumplido con los T\u00e9rminos del Sitio.&nbsp; En caso de que se opte por la terminaci\u00f3n, usted debe dejar de usar el Sitio Web y las disposiciones aplicables de los presentes T\u00e9rminos seguir\u00e1n vigentes tras la terminaci\u00f3n.<\/p>\n\n\n\n<p><strong><u>PRIVACIDAD Y CONSENTIMIENTO PARA USO DE DATOS<\/u><\/strong><\/p>\n\n\n\n<p>Cabe mencionar que GRISI como propietaria del contenido de este Sitio Web, podr\u00e1 recabar cierta informaci\u00f3n propiedad de cada Usuario; asimismo, le hacemos saber que los datos de los usuarios de este Sitio Web ser\u00e1n guardados para diversas finalidades, incluyendo sin limitar, mercadol\u00f3gicos, de publicidad y prospecci\u00f3n comercial, contacto, estad\u00edsticos, entre otros, con el objeto de que GRISI pueda tener informaci\u00f3n de todos los usuarios que accedan al contenido del mismo.&nbsp;La informaci\u00f3n que se obtenga a trav\u00e9s de la utilizaci\u00f3n por su parte de este Sitio Web, ya sea a trav\u00e9s del proceso de registro o de cualquier otra manera, estar\u00e1 sujeta a nuestra Pol\u00edtica de Privacidad, para lo cual puede consultar el Aviso de Privacidad de GRISI en <a href=\"https:\/\/www.grisi.com\/politicas-de-privacidad\">https:\/\/www.grisi.com\/politicas-de-privacidad<\/a>. &nbsp;Nuestra Pol\u00edtica de Privacidad prev\u00e9 el tratamiento y uso de los datos que usted nos proporcione, incluyendo sus derechos en relaci\u00f3n con esa informaci\u00f3n.<\/p>\n\n\n\n<p>Al momento en que visita el Sitio Web usted autoriza que se utilicen cookies para recabar informaci\u00f3n como lo es su direcci\u00f3n IP, las p\u00e1ginas web que consulta, idioma del navegador, gustos o intereses, datos sobre el dispositivo a trav\u00e9s del cual accede al Sitio Web, intereses en funci\u00f3n de la ubicaci\u00f3n, entre otros.&nbsp; Podremos usar esta informaci\u00f3n, junto con los datos que nos proporciona durante el proceso de registro en el Sitio o de cualquier otra forma para enviarle informaci\u00f3n que pueda ser de su inter\u00e9s, de conformidad con nuestro Aviso de Privacidad.<\/p>\n\n\n\n<p>Al aceptar las cookies de este Sitio Web, usted est\u00e1 consciente de que el contenido del mismo ya sea im\u00e1genes, texto, audio y\/o video, entre otros, podr\u00eda no ser preciso y\/o confiable, por lo cual, GRISI se deslinda de toda responsabilidad relacionada con las consecuencias que pueda generar su visita al Sitio Web, en relaci\u00f3n a da\u00f1os que pueda sufrir su(s) equipo(s) inform\u00e1tico(s), el uso que le pueda dar a la informaci\u00f3n y\/o enlaces que puedan llevarlo a sitios web de terceros.&nbsp; En el momento que usted como Usuario aprueba las cookies requeridas para el uso del Sitio Web, nos otorga el derecho de recabar todos los datos mencionados en los presentes T\u00e9rminos.<\/p>\n\n\n\n<p><strong><u>MARCAS REGISTRADAS<\/u><\/strong><\/p>\n\n\n\n<p>Las marcas y nombres comerciales que aparecen en este Sitio Web son propiedad de GRISI, sus afiliadas o terceros titulares que han otorgado a GRISI el derecho y la licencia para usar dichas marcas.&nbsp; Usted no podr\u00e1 utilizar o exhibir ninguna marca comercial o de servicio propiedad de GRISI o sus afiliadas, sin el respectivo consentimiento previo y por escrito. El contenido completo incluido en este Sitio Web, que incluye, entre otras cosas, el texto, el dise\u00f1o, los gr\u00e1ficos, las interfaces o los c\u00f3digos, y la selecci\u00f3n y disposici\u00f3n de estos, es propiedad de GRISI.&nbsp;<\/p>\n\n\n\n<p><strong><u>V\u00cdNCULOS DE TERCEROS<\/u><\/strong><\/p>\n\n\n\n<p>El Sitio Web podr\u00eda contener algunos v\u00ednculos que lo enlacen a otros sitios de internet y\/o redes sociales (los <strong>\u201cSitios Externos\u201d<\/strong>), los cuales podr\u00edan ser propiedad de terceros operados por ellos a\u00fan incluso siendo filiales de GRISI, por lo cual, GRISI podr\u00eda no tener el control total y\/o parcial respecto de las pol\u00edticas de uso, pol\u00edticas de privacidad, pr\u00e1ctica de recopilaci\u00f3n de datos, ni de los t\u00e9rminos y condiciones de dichos Sitios Externos, por lo cual, usted como Usuario de este Sitio Web acepta de conformidad que GRISI no tiene responsabilidad alguna sobre estas pol\u00edticas y no es responsable de las pr\u00e1cticas de privacidad, los t\u00e9rminos y las condiciones o el contenido de los Sitios Externos, por lo que GRISI no ser\u00e1 responsable de toda aquella informaci\u00f3n que de cada Usuario pueda ser captada por terceros no autorizados.&nbsp; Estos sitios vinculados son solo para su comodidad y, por tanto, usted accede a ellos bajo su propio riesgo. &nbsp;Los v\u00ednculos no implican que GRISI patrocine, apoye, est\u00e9 afiliada o asociada con, o haya sido autorizada legalmente para usar ninguna marca o nombre comercial, marca de servicio, dise\u00f1o, logotipo, s\u00edmbolo u otros materiales bajo copyright mostrados en o accesibles a trav\u00e9s de dichos Sitios Externos.<\/p>\n\n\n\n<p><strong><u>COMUNICACIONES ELECTR\u00d3NICAS<\/u><\/strong><\/p>\n\n\n\n<p>Cuando visita este Sitio Web o nos env\u00eda correos electr\u00f3nicos a trav\u00e9s del Sitio o de otros medios electr\u00f3nicos, tales como el correo electr\u00f3nico, se est\u00e1 comunicando con nosotros de forma electr\u00f3nica.&nbsp; Usted acepta que, a criterio de GRISI, podremos comunicarnos con usted de forma electr\u00f3nica, lo que incluye, entre otras opciones, publicar avisos en el Sitio Web o responder a sus correos electr\u00f3nicos y hacer llegar algunas comunicaciones. Usted acepta que todos los acuerdos, los avisos, las divulgaciones u otras comunicaciones que le proporcionemos de forma electr\u00f3nica satisfacen cualquier requisito legal que exija que dichas comunicaciones se hagan por escrito.<\/p>\n\n\n\n<p><strong><u>ALCANCE GEOGR\u00c1FICO DEL SITIO<\/u><\/strong><\/p>\n\n\n\n<p>\ufeffTodos los productos de la marca Ricitos de Oro\u00ae se encuentran disponibles en M\u00e9xico. Este sitio es controlado y operado por GRISI desde M\u00e9xico, por lo cual GRISI no garantiza, expl\u00edcita o impl\u00edcitamente, que la informaci\u00f3n y el material en este Sitio Web, incluyendo sin limitaci\u00f3n la informaci\u00f3n y otros materiales que promueven los productos descritos aqu\u00ed, sean apropiados o est\u00e9n disponibles en otras localidades.<\/p>\n\n\n\n<p><strong><u>RESPONSABILIDAD DE LA INFORMACI\u00d3N PUBLICADA EN EL SITIO WEB<\/u><\/strong><\/p>\n\n\n\n<p>Dentro del Sitio Web, usted podr\u00e1 consultar informaci\u00f3n referente a tips, recomendaciones y cuidados para su beb\u00e9, as\u00ed como puntos de venta de los productos, pero que en ning\u00fan momento estar\u00e1 orientada o pretende ser un consejo m\u00e9dico o de cuidado de la salud de una situaci\u00f3n particular, ni debe ser utilizada para fines de interpretaci\u00f3n de diagn\u00f3stico m\u00e9dico o alg\u00fan tratamiento, ya que no pretende substituir el consejo profesional, ni los servicios prestados por profesionales calificados o certificados en la materia respecto de los cuidados de su beb\u00e9.&nbsp; Por lo anterior, GRISI no asume responsabilidad alguna como consecuencia directa o indirecta de cualquier acci\u00f3n u omisi\u00f3n que usted lleve a cabo tomando como base la informaci\u00f3n u otro material contenido en el Sitio Web.&nbsp;<\/p>\n\n\n\n<p>Los materiales del Sitio Web y cualquier material puesto a su disposici\u00f3n a trav\u00e9s del Sitio Web se proporcionan \u201ctal cual\u201d y sin garant\u00edas de ning\u00fan tipo, ya sean expl\u00edcitas o impl\u00edcitas.&nbsp; GRISI no garantiza, ni realiza ninguna manifestaci\u00f3n con respecto al uso o los resultados del uso de los materiales incluidos en el Sitio Web en t\u00e9rminos de correcci\u00f3n, precisi\u00f3n, fiabilidad u otra caracter\u00edstica; estos materiales podr\u00edan ser imprecisos o volverse imprecisos como resultado de avances que se produzcan despu\u00e9s de sus fechas de publicaci\u00f3n respectivas. Si bien en GRISI realizaremos nuestros mejores esfuerzos porque la informaci\u00f3n contenida en el Sitio Web est\u00e9 completa y actualizada, GRISI no asume obligaci\u00f3n alguna de verificar o de mantener la precisi\u00f3n de dicha informaci\u00f3n, por lo que no seremos responsables de alg\u00fan posible da\u00f1o o perjuicio derivado de la exactitud, calidad o fiabilidad de la informaci\u00f3n contenida en este Sitio Web.&nbsp; Asimismo, usted entiende y acepta que la utilizaci\u00f3n de cualquier material y\/o contenido descargado u obtenido a trav\u00e9s del Sitio Web se realizar\u00e1 bajo su propia responsabilidad y usted ser\u00e1 el \u00fanico responsable de cualquier da\u00f1o o su equipo o p\u00e9rdida de datos que resulte de la descarga de dicho material y\/o contenido.<\/p>\n\n\n\n<p><strong><u>LIMITACI\u00d3N DE RESPONSABILIDAD<\/u><\/strong><\/p>\n\n\n\n<p>En ning\u00fan caso, GRISI ser\u00e1 responsable de da\u00f1os directos, indirectos, especiales, punitivos, accidentales, ejemplares o consecuenciales, ni de ning\u00fan otro da\u00f1o, ya sea por negligencia o por cualquier otra causa derivada de o en relaci\u00f3n con el uso, la incapacidad de uso o el funcionamiento de la informaci\u00f3n y los materiales disponibles en este Sitio Web.<\/p>\n\n\n\n<p><strong><u>INDEMNIZACI\u00d3N<\/u><\/strong><\/p>\n\n\n\n<p>Usted acepta indemnizar, defender y librar de responsabilidades a GRISI, sus directivos, directores, empleados, agentes, licenciantes y proveedores de y contra p\u00e9rdidas, gastos, da\u00f1os y costos, incluidos los honorarios razonables de abogados, que surjan de cualquier infracci\u00f3n de estos T\u00e9rminos, del uso del Sitio Web (incluidas las conductas negligentes o ilegales) por su parte.<\/p>\n\n\n\n<p><strong><u>MODIFICACI\u00d3N DE LOS T\u00c9RMINOS<\/u><\/strong><\/p>\n\n\n\n<p>GRISI se reserva el derecho de poder realizar en cualquier momento, todo tipo de modificaciones a los presentes T\u00e9rminos, por lo cual, usted est\u00e1 consciente de que los cambios que se puedan llegar a generar ser\u00e1n realizados sin previo aviso y ser\u00e1 responsable de revisar de forma habitual estos T\u00e9rminos. &nbsp;&nbsp;Si contin\u00faa usando el Sitio Web despu\u00e9s de que se publiquen cambios que afectan a los T\u00e9rminos, esto indica su aceptaci\u00f3n de dichas revisiones<\/p>\n\n\n\n<p><strong><u>INFORMACI\u00d3N DE CONTACTO<\/u><\/strong><\/p>\n\n\n\n<p>Para ponerse en contacto con nosotros en caso de que tenga preguntas o dudas en relaci\u00f3n con estos T\u00e9rminos o con el Sitio Web, visite la secci\u00f3n de &#8220;Cont\u00e1ctenos&#8221; de este Sitio Web.<\/p>\n\n\n\n<p><strong><u>JURISDICCI\u00d3N Y LEGISLACI\u00d3N APLICABLE<\/u><\/strong><\/p>\n\n\n\n<p>La resoluci\u00f3n de toda disputa relacionada con el Sitio Web, as\u00ed como todas las obligaciones no contractuales derivadas de o en conexi\u00f3n con estos T\u00e9rminos, se regir\u00e1n por y se interpretar\u00e1n de acuerdo a las leyes de M\u00e9xico, sin dar lugar a la aplicaci\u00f3n de las normas de conflictos de leyes. \u00a0Toda acci\u00f3n o procedimiento legal entre GRISI y usted que est\u00e9 relacionado con el Sitio Web y\/o los presentes T\u00e9rminos ser\u00e1 tratado en los juzgados competentes de la Ciudad de M\u00e9xico, a cuya exclusiva jurisdicci\u00f3n se someter\u00e1n ambas partes sin perjuicio de sus domicilios presentes o futuros.<\/p>\n\n\n\n<div style=\"height:250px\" aria-hidden=\"true\" class=\"wp-block-spacer\"><\/div>\n","protected":false},"excerpt":{"rendered":"<p>GRISI HNOS., S.A. DE C.V. (en adelante \u201cGRISI\u201d) con domicilio ubicado en Amores 1746, Colonia Del Valle, Alcald\u00eda Benito Ju\u00e1rez, Ciudad de M\u00e9xico, C.P. 03100, hace de su conocimiento la importancia de leer con atenci\u00f3n y antes de comenzar a usar este sitio web (el \u201cSitio\u201d o \u201cSitio Web\u201d), los t\u00e9rminos y condiciones de uso [&hellip;]<\/p>\n","protected":false},"author":1,"featured_media":0,"parent":0,"menu_order":0,"comment_status":"closed","ping_status":"closed","template":"","meta":{"_acf_changed":false,"om_disable_all_campaigns":false,"_monsterinsights_skip_tracking":false,"_monsterinsights_sitenote_active":false,"_monsterinsights_sitenote_note":"","_monsterinsights_sitenote_category":0,"footnotes":""},"class_list":["post-148","page","type-page","status-publish","hentry"],"acf":[],"aioseo_notices":[],"_links":{"self":[{"href":"https:\/\/www.ricitosdeorogrisi.com\/blog\/wp-json\/wp\/v2\/pages\/148","targetHints":{"allow":["GET"]}}],"collection":[{"href":"https:\/\/www.ricitosdeorogrisi.com\/blog\/wp-json\/wp\/v2\/pages"}],"about":[{"href":"https:\/\/www.ricitosdeorogrisi.com\/blog\/wp-json\/wp\/v2\/types\/page"}],"author":[{"embeddable":true,"href":"https:\/\/www.ricitosdeorogrisi.com\/blog\/wp-json\/wp\/v2\/users\/1"}],"replies":[{"embeddable":true,"href":"https:\/\/www.ricitosdeorogrisi.com\/blog\/wp-json\/wp\/v2\/comments?post=148"}],"version-history":[{"count":3,"href":"https:\/\/www.ricitosdeorogrisi.com\/blog\/wp-json\/wp\/v2\/pages\/148\/revisions"}],"predecessor-version":[{"id":159,"href":"https:\/\/www.ricitosdeorogrisi.com\/blog\/wp-json\/wp\/v2\/pages\/148\/revisions\/159"}],"wp:attachment":[{"href":"https:\/\/www.ricitosdeorogrisi.com\/blog\/wp-json\/wp\/v2\/media?parent=148"}],"curies":[{"name":"wp","href":"https:\/\/api.w.org\/{rel}","templated":true}]}}